{"id":45,"date":"2025-07-05T16:56:09","date_gmt":"2025-07-05T16:56:09","guid":{"rendered":"https:\/\/rodrigotoledo.es\/patavolcanica\/?page_id=45"},"modified":"2025-12-03T22:19:28","modified_gmt":"2025-12-03T22:19:28","slug":"acerca-de","status":"publish","type":"page","link":"https:\/\/rodrigotoledo.es\/patavolcanica\/acerca-de\/","title":{"rendered":"who we are!!"},"content":{"rendered":"\n<p><\/p>\n\n\n\n<h2 class=\"wp-block-heading has-large-font-size\" id=\"inspiro-is-a-digital-product-agency-that-focuses-on-strategy-and-design\" style=\"font-style:normal;font-weight:100\"><strong>Somos Selva y L\u00fa. En nuestro mundo.<\/strong> <strong>Compa\u00f1eras de vida.<\/strong><\/h2>\n\n\n\n<p>Este proyecto naci\u00f3 a fuego lento, como todo lo bonito&#8230; caminando sin prisa, buscando lugares aut\u00e9nticos  y so\u00f1ando con una forma de vivir m\u00e1s libre, m\u00e1s conectada con la naturaleza y disfrutando de nuestro tiempo juntas.<\/p>\n\n\n\n<div style=\"height:100px\" aria-hidden=\"true\" class=\"wp-block-spacer\"><\/div>\n\n\n\n<div class=\"wp-block-columns alignwide is-layout-flex wp-container-core-columns-is-layout-28f84493 wp-block-columns-is-layout-flex\">\n<div class=\"wp-block-column is-vertically-aligned-top is-layout-flow wp-block-column-is-layout-flow\">\n<figure class=\"wp-block-image size-large\"><img fetchpriority=\"high\" decoding=\"async\" width=\"1024\" height=\"768\" src=\"https:\/\/rodrigotoledo.es\/patavolcanica\/wp-content\/uploads\/2025\/12\/IMG_0656-1024x768.jpeg\" alt=\"\" class=\"wp-image-148\" srcset=\"https:\/\/rodrigotoledo.es\/patavolcanica\/wp-content\/uploads\/2025\/12\/IMG_0656-1024x768.jpeg 1024w, https:\/\/rodrigotoledo.es\/patavolcanica\/wp-content\/uploads\/2025\/12\/IMG_0656-300x225.jpeg 300w, https:\/\/rodrigotoledo.es\/patavolcanica\/wp-content\/uploads\/2025\/12\/IMG_0656-2000x1500.jpeg 2000w\" sizes=\"(max-width: 1024px) 100vw, 1024px\" \/><\/figure>\n\n\n\n<p class=\"has-black-color has-text-color has-medium-font-size\"><a href=\"https:\/\/rodrigotoledo.es\/patavolcanica\/blog\/\" data-type=\"page\" data-id=\"47\">Qu\u00e9 es Pata Volc\u00e1nica<\/a><\/p>\n\n\n\n<p class=\"has-text-color\" style=\"color:#7a7a7a\"><strong>Pata Volc\u00e1nica<\/strong> es una gu\u00eda de rutas, experiencias y lugares pensada para personas que viajan con su perro ( o sue\u00f1an con hacerlo).                                 Aqu\u00ed compartimos rincones de Canarias (y m\u00e1s all\u00e1), rutas dog-friendly, consejos, reflexiones y mucho m\u00e1s! <strong>Mi lema: Con Selva a todos lados!! <\/strong><\/p>\n<\/div>\n\n\n\n<div class=\"wp-block-column is-layout-flow wp-block-column-is-layout-flow\">\n<figure class=\"wp-block-image size-large\"><img decoding=\"async\" width=\"1024\" height=\"768\" src=\"https:\/\/rodrigotoledo.es\/patavolcanica\/wp-content\/uploads\/2025\/12\/IMG_1443-1024x768.jpeg\" alt=\"\" class=\"wp-image-138\" srcset=\"https:\/\/rodrigotoledo.es\/patavolcanica\/wp-content\/uploads\/2025\/12\/IMG_1443-1024x768.jpeg 1024w, https:\/\/rodrigotoledo.es\/patavolcanica\/wp-content\/uploads\/2025\/12\/IMG_1443-300x225.jpeg 300w, https:\/\/rodrigotoledo.es\/patavolcanica\/wp-content\/uploads\/2025\/12\/IMG_1443-2000x1500.jpeg 2000w\" sizes=\"(max-width: 1024px) 100vw, 1024px\" \/><\/figure>\n\n\n\n<p class=\"has-black-color has-text-color has-medium-font-size\"><a href=\"https:\/\/rodrigotoledo.es\/patavolcanica\/nuestra-filosofia\/\" data-type=\"link\" data-id=\"https:\/\/google.es\">Nuestra Filosof\u00eda<\/a><\/p>\n\n\n\n<p class=\"has-text-color\" style=\"color:#7a7a7a\">\ud83c\udfdd\ufe0fVida simple                                                          \ud83c\udf0f Acciones conscientes                                       \ud83d\udc3e Amor por los animales                                       \ud83c\udf05 Conexi\u00f3n con la naturaleza                               \ud83e\udef6\ud83c\udffd  Grandes amantes de la vida                                          Fiel creyente de que la esencia animal nos ense\u00f1a un aprendizaje de vida que nos hace volver a lo esencial.<\/p>\n<\/div>\n\n\n\n<div class=\"wp-block-column is-layout-flow wp-block-column-is-layout-flow\">\n<div class=\"wp-block-cover alignwide has-custom-content-position is-position-center-right\" style=\"min-height:276px;aspect-ratio:unset;\"><img decoding=\"async\" width=\"768\" height=\"1024\" class=\"wp-block-cover__image-background wp-image-147\" alt=\"\" src=\"https:\/\/rodrigotoledo.es\/patavolcanica\/wp-content\/uploads\/2025\/12\/IMG_0992-768x1024.jpeg\" data-object-fit=\"cover\" srcset=\"https:\/\/rodrigotoledo.es\/patavolcanica\/wp-content\/uploads\/2025\/12\/IMG_0992-768x1024.jpeg 768w, https:\/\/rodrigotoledo.es\/patavolcanica\/wp-content\/uploads\/2025\/12\/IMG_0992-225x300.jpeg 225w, https:\/\/rodrigotoledo.es\/patavolcanica\/wp-content\/uploads\/2025\/12\/IMG_0992-2000x2667.jpeg 2000w, https:\/\/rodrigotoledo.es\/patavolcanica\/wp-content\/uploads\/2025\/12\/IMG_0992-scaled.jpeg 1920w\" sizes=\"(max-width: 768px) 100vw, 768px\" \/><span aria-hidden=\"true\" class=\"wp-block-cover__background has-background-dim\"><\/span><div class=\"wp-block-cover__inner-container is-layout-flow wp-block-cover-is-layout-flow\">\n<p class=\"has-text-align-center has-large-font-size\"><\/p>\n<\/div><\/div>\n\n\n\n<p class=\"has-black-color has-text-color has-medium-font-size\"><a href=\"#\">Lo que encontras aqu\u00ed<\/a><\/p>\n\n\n\n<p class=\"has-text-color\" style=\"color:#7a7a7a\">\ud83c\udf0b Rutas y planes dog-friendly                              \ud83d\uded6 Lugares donde somos bienvenidos<\/p>\n<\/div>\n<\/div>\n\n\n\n<h3 class=\"wp-block-heading has-large-font-size\" id=\"inspiro-is-a-digital-product-agency-that-focuses-on-strategy-and-desig\" style=\"font-style:normal;font-weight:300\">Showreel<\/h3>\n\n\n\n<div style=\"height:100px\" aria-hidden=\"true\" class=\"wp-block-spacer\"><\/div>\n\n\n\n<figure class=\"wp-block-embed is-provider-youtube wp-block-embed-youtube\"><div class=\"wp-block-embed__wrapper\">\nhttps:\/\/youtube.com\/shorts\/5k6_fQ92RTI\n<\/div><\/figure>\n\n\n\n<p><a href=\"https:\/\/youtube.com\/shorts\/5k6_fQ92RTI\">I<\/a><\/p>\n\n\n\n<div class=\"wp-block-cover alignfull\" style=\"padding-top:50px;padding-right:50px;padding-bottom:50px;padding-left:50px;min-height:316px;aspect-ratio:unset;\"><span aria-hidden=\"true\" class=\"wp-block-cover__background has-black-background-color has-background-dim-100 has-background-dim\"><\/span><div class=\"wp-block-cover__inner-container is-layout-flow wp-block-cover-is-layout-flow\">\n<div class=\"wp-block-columns are-vertically-aligned-center is-layout-flex wp-container-core-columns-is-layout-28f84493 wp-block-columns-is-layout-flex\">\n<div class=\"wp-block-column is-vertically-aligned-center is-layout-flow wp-block-column-is-layout-flow\" style=\"padding-top:20px;padding-right:0px;padding-bottom:20px;padding-left:0px\">\n<div class=\"wp-block-group is-content-justification-space-between is-nowrap is-layout-flex wp-container-core-group-is-layout-bb3dfb5c wp-block-group-is-layout-flex\">\n<figure class=\"wp-block-image size-full\"><img decoding=\"async\" src=\"https:\/\/rodrigotoledo.es\/patavolcanica\/wp-content\/themes\/inspiro\/assets\/images\/laurel_left.png\" alt=\"\"\/><\/figure>\n\n\n\n<div class=\"wp-block-group is-layout-flow wp-block-group-is-layout-flow\">\n<p class=\"has-text-align-center has-white-color has-text-color\" style=\"font-size:clamp(14px, 0.875rem + ((1vw - 3.2px) * 0.417), 18px);line-height:1\"><strong>\u00abMejor pel\u00edcula\u00bb<br><\/strong>Ganador<\/p>\n<\/div>\n\n\n\n<figure class=\"wp-block-image size-full\"><img decoding=\"async\" src=\"https:\/\/rodrigotoledo.es\/patavolcanica\/wp-content\/themes\/inspiro\/assets\/images\/laurel_right.png\" alt=\"\"\/><\/figure>\n<\/div>\n<\/div>\n\n\n\n<div class=\"wp-block-column is-vertically-aligned-center is-layout-flow wp-block-column-is-layout-flow\" style=\"padding-top:20px;padding-right:0px;padding-bottom:20px;padding-left:0px\">\n<div class=\"wp-block-group is-content-justification-space-between is-nowrap is-layout-flex wp-container-core-group-is-layout-bb3dfb5c wp-block-group-is-layout-flex\">\n<figure class=\"wp-block-image size-full\"><img decoding=\"async\" src=\"https:\/\/rodrigotoledo.es\/patavolcanica\/wp-content\/themes\/inspiro\/assets\/images\/laurel_left.png\" alt=\"\"\/><\/figure>\n\n\n\n<div class=\"wp-block-group is-layout-flow wp-block-group-is-layout-flow\">\n<p class=\"has-text-align-center has-white-color has-text-color\" style=\"font-size:clamp(14px, 0.875rem + ((1vw - 3.2px) * 0.417), 18px);line-height:1\"><strong>\u00abNuevo festival de cine\u00bb<\/strong><br>Ganador<\/p>\n<\/div>\n\n\n\n<figure class=\"wp-block-image size-full\"><img decoding=\"async\" src=\"https:\/\/rodrigotoledo.es\/patavolcanica\/wp-content\/themes\/inspiro\/assets\/images\/laurel_right.png\" alt=\"\"\/><\/figure>\n<\/div>\n<\/div>\n\n\n\n<div class=\"wp-block-column is-vertically-aligned-center is-layout-flow wp-block-column-is-layout-flow\" style=\"padding-top:20px;padding-right:0px;padding-bottom:20px;padding-left:0px\">\n<div class=\"wp-block-group is-content-justification-space-between is-nowrap is-layout-flex wp-container-core-group-is-layout-bb3dfb5c wp-block-group-is-layout-flex\">\n<figure class=\"wp-block-image size-full\"><img decoding=\"async\" src=\"https:\/\/rodrigotoledo.es\/patavolcanica\/wp-content\/themes\/inspiro\/assets\/images\/laurel_left.png\" alt=\"\"\/><\/figure>\n\n\n\n<div class=\"wp-block-group is-layout-flow wp-block-group-is-layout-flow\">\n<p class=\"has-text-align-center has-white-color has-text-color\" style=\"font-size:clamp(14px, 0.875rem + ((1vw - 3.2px) * 0.417), 18px);line-height:1\"><strong>\u00abMejor corto\u00bb<\/strong><br>Ganador<\/p>\n<\/div>\n\n\n\n<figure class=\"wp-block-image size-full\"><img decoding=\"async\" src=\"https:\/\/rodrigotoledo.es\/patavolcanica\/wp-content\/themes\/inspiro\/assets\/images\/laurel_right.png\" alt=\"\"\/><\/figure>\n<\/div>\n<\/div>\n<\/div>\n<\/div><\/div>\n\n\n\n<p><\/p>\n","protected":false},"excerpt":{"rendered":"<p>Somos Selva y L\u00fa. En nuestro mundo. Compa\u00f1eras de vida. Este proyecto naci\u00f3 a fuego lento, como todo lo bonito&#8230; caminando sin prisa, buscando lugares aut\u00e9nticos y so\u00f1ando con una forma de vivir m\u00e1s libre, m\u00e1s conectada con la naturaleza y disfrutando de nuestro tiempo juntas. Qu\u00e9 es Pata Volc\u00e1nica Pata Volc\u00e1nica es una gu\u00eda &hellip; <\/p>\n<p class=\"link-more\"><a href=\"https:\/\/rodrigotoledo.es\/patavolcanica\/acerca-de\/\" class=\"more-link\">Leer m\u00e1s<span class=\"screen-reader-text\"> \u00abwho we are!!\u00bb<\/span><\/a><\/p>\n","protected":false},"author":1,"featured_media":139,"parent":0,"menu_order":0,"comment_status":"closed","ping_status":"closed","template":"","meta":{"pagelayer_contact_templates":[],"_pagelayer_content":"","footnotes":""},"class_list":["post-45","page","type-page","status-publish","has-post-thumbnail","hentry"],"featured_media_urls":{"thumbnail":["https:\/\/rodrigotoledo.es\/patavolcanica\/wp-content\/uploads\/2025\/12\/IMG_1350-150x150.jpeg",150,150,true],"medium":["https:\/\/rodrigotoledo.es\/patavolcanica\/wp-content\/uploads\/2025\/12\/IMG_1350-300x225.jpeg",300,225,true],"medium_large":["https:\/\/rodrigotoledo.es\/patavolcanica\/wp-content\/uploads\/2025\/12\/IMG_1350-scaled.jpeg",768,576,false],"large":["https:\/\/rodrigotoledo.es\/patavolcanica\/wp-content\/uploads\/2025\/12\/IMG_1350-1024x768.jpeg",950,713,true],"1536x1536":["https:\/\/rodrigotoledo.es\/patavolcanica\/wp-content\/uploads\/2025\/12\/IMG_1350-scaled-1536x1152.jpeg",1536,1152,true],"2048x2048":["https:\/\/rodrigotoledo.es\/patavolcanica\/wp-content\/uploads\/2025\/12\/IMG_1350-scaled-2048x1536.jpeg",2048,1536,true],"inspiro-featured-image":["https:\/\/rodrigotoledo.es\/patavolcanica\/wp-content\/uploads\/2025\/12\/IMG_1350-2000x1500.jpeg",2000,1500,true],"inspiro-loop":["https:\/\/rodrigotoledo.es\/patavolcanica\/wp-content\/uploads\/2025\/12\/IMG_1350-950x320.jpeg",950,320,true],"inspiro-loop@2x":["https:\/\/rodrigotoledo.es\/patavolcanica\/wp-content\/uploads\/2025\/12\/IMG_1350-1900x640.jpeg",1900,640,true],"portfolio_item-thumbnail":["https:\/\/rodrigotoledo.es\/patavolcanica\/wp-content\/uploads\/2025\/12\/IMG_1350-600x400.jpeg",600,400,true],"portfolio_item-thumbnail@2x":["https:\/\/rodrigotoledo.es\/patavolcanica\/wp-content\/uploads\/2025\/12\/IMG_1350-1200x800.jpeg",1200,800,true],"portfolio_item-masonry":["https:\/\/rodrigotoledo.es\/patavolcanica\/wp-content\/uploads\/2025\/12\/IMG_1350-scaled-600x450.jpeg",600,450,true],"portfolio_item-masonry@2x":["https:\/\/rodrigotoledo.es\/patavolcanica\/wp-content\/uploads\/2025\/12\/IMG_1350-scaled-1200x900.jpeg",1200,900,true],"portfolio_item-thumbnail_cinema":["https:\/\/rodrigotoledo.es\/patavolcanica\/wp-content\/uploads\/2025\/12\/IMG_1350-scaled-800x335.jpeg",800,335,true],"portfolio_item-thumbnail_portrait":["https:\/\/rodrigotoledo.es\/patavolcanica\/wp-content\/uploads\/2025\/12\/IMG_1350-scaled-600x900.jpeg",600,900,true],"portfolio_item-thumbnail_portrait@2x":["https:\/\/rodrigotoledo.es\/patavolcanica\/wp-content\/uploads\/2025\/12\/IMG_1350-scaled-1200x1800.jpeg",1200,1800,true],"portfolio_item-thumbnail_square":["https:\/\/rodrigotoledo.es\/patavolcanica\/wp-content\/uploads\/2025\/12\/IMG_1350-scaled-800x800.jpeg",800,800,true]},"_links":{"self":[{"href":"https:\/\/rodrigotoledo.es\/patavolcanica\/wp-json\/wp\/v2\/pages\/45","targetHints":{"allow":["GET"]}}],"collection":[{"href":"https:\/\/rodrigotoledo.es\/patavolcanica\/wp-json\/wp\/v2\/pages"}],"about":[{"href":"https:\/\/rodrigotoledo.es\/patavolcanica\/wp-json\/wp\/v2\/types\/page"}],"author":[{"embeddable":true,"href":"https:\/\/rodrigotoledo.es\/patavolcanica\/wp-json\/wp\/v2\/users\/1"}],"replies":[{"embeddable":true,"href":"https:\/\/rodrigotoledo.es\/patavolcanica\/wp-json\/wp\/v2\/comments?post=45"}],"version-history":[{"count":9,"href":"https:\/\/rodrigotoledo.es\/patavolcanica\/wp-json\/wp\/v2\/pages\/45\/revisions"}],"predecessor-version":[{"id":155,"href":"https:\/\/rodrigotoledo.es\/patavolcanica\/wp-json\/wp\/v2\/pages\/45\/revisions\/155"}],"wp:featuredmedia":[{"embeddable":true,"href":"https:\/\/rodrigotoledo.es\/patavolcanica\/wp-json\/wp\/v2\/media\/139"}],"wp:attachment":[{"href":"https:\/\/rodrigotoledo.es\/patavolcanica\/wp-json\/wp\/v2\/media?parent=45"}],"curies":[{"name":"wp","href":"https:\/\/api.w.org\/{rel}","templated":true}]}}